{"id":9,"date":"2018-07-23T09:40:17","date_gmt":"2018-07-23T09:40:17","guid":{"rendered":"http:\/\/baudekoration-hensel.de\/?page_id=9"},"modified":"2022-10-25T12:22:02","modified_gmt":"2022-10-25T12:22:02","slug":"impressum","status":"publish","type":"page","link":"https:\/\/baudekoration-hensel.de\/?page_id=9","title":{"rendered":"Impressum"},"content":{"rendered":"<div id=\"body\">\n<h2 data-lineheight=\"27\" data-fontsize=\"18\">Rechtliche Hinweise bez\u00fcglich unseres Unternehmens und dieser Website zusammengefasst im Impressum<\/h2>\n<p>Sollten Sie Inhalte unserer Website in jeglicher Form weiterverwenden m\u00f6chten, kontaktieren Sie uns zuvor unbedingt.<\/p>\n<p>Alle Inhalte unterliegen dem Urheberrecht.<\/p>\n<p><strong>Post-Anschrift<\/strong><br \/>\nBaudekoration Hensel<br \/>\nChristiane Hensel<br \/>\nAm Herrnacker 17<br \/>\n63654 B\u00fcdingen<\/p>\n<p><strong>Kontakt<\/strong><\/p>\n<p>Tel.: <a class=\"fl r-im5eYyI_umRQ\" title=\"\u00dcber Hangouts anrufen\" href=\"https:\/\/www.google.de\/search?q=baudekoration+hensel&amp;rlz=1C1CHBF_deDE742DE742&amp;oq=baudekoration+hensel&amp;aqs=chrome..69i57j69i60l3j0.2650j0j7&amp;sourceid=chrome&amp;ie=UTF-8#\" data-ved=\"0ahUKEwjnzIKS4rXcAhVMYlAKHQ_ZBGAQkAgImwEoADAb\" data-rtid=\"im5eYyI_umRQ\" data-pstn-out-call-url=\"\" data-number=\"+4960426138\">06042 6138<\/a><br \/>\nE-Mail: <a href=\"mailto:info@baudekoration-hensel.de\">info@baudekoration-hensel.de<\/a><\/p>\n<p><strong>Inhaber<\/strong><br \/>\nChristiane Hensel<\/p>\n<\/div>\n<div id=\"body\">\n<p><strong>Haftung, Datenschutz und Copyright<\/strong><\/p>\n<p>Die Inhalte auf der Website www.baudekoration-hensel.de wurden mit h\u00f6chstm\u00f6glicher Sorgfalt erstellt. Eine Haftung f\u00fcr fehlerhafte oder unrichtige Informationen ist ausgeschlossen. Die\u00a0in den Texten eventuell erw\u00e4hnten Markennamen und Warenzeichen sind gesch\u00fctztes Eigentum ihrer Inhaber.<\/p>\n<p>Die an uns\u00a0\u00fcbermittelten Daten unterliegen den gesetzlichen Regelungen des Datenschutzes.<\/p>\n<p>Die Inhalte der Seiten wie Texte, Fotos und Grafiken sind urheberrechtlich gesch\u00fctzt. Eine Verwendung der Inhalte auf anderen Webseiten und allen anderen Medien bedarf der vorherigen schriftlichen Genehmigung durch den Inhaber von Baudekoration Hensel.<\/p>\n<\/div>\n","protected":false},"excerpt":{"rendered":"<p>Rechtliche Hinweise bez\u00fcglich unseres Unternehmens und dieser Website zusammengefasst im Impressum Sollten Sie Inhalte unserer Website in jeglicher Form weiterverwenden m\u00f6chten, kontaktieren Sie uns zuvor unbedingt. Alle Inhalte unterliegen dem Urheberrecht. Post-Anschrift Baudekoration Hensel Christiane Hensel Am Herrnacker 17 63654<\/p>\n","protected":false},"author":1,"featured_media":0,"parent":0,"menu_order":0,"comment_status":"closed","ping_status":"closed","template":"","meta":{"footnotes":""},"_links":{"self":[{"href":"https:\/\/baudekoration-hensel.de\/index.php?rest_route=\/wp\/v2\/pages\/9"}],"collection":[{"href":"https:\/\/baudekoration-hensel.de\/index.php?rest_route=\/wp\/v2\/pages"}],"about":[{"href":"https:\/\/baudekoration-hensel.de\/index.php?rest_route=\/wp\/v2\/types\/page"}],"author":[{"embeddable":true,"href":"https:\/\/baudekoration-hensel.de\/index.php?rest_route=\/wp\/v2\/users\/1"}],"replies":[{"embeddable":true,"href":"https:\/\/baudekoration-hensel.de\/index.php?rest_route=%2Fwp%2Fv2%2Fcomments&post=9"}],"version-history":[{"count":7,"href":"https:\/\/baudekoration-hensel.de\/index.php?rest_route=\/wp\/v2\/pages\/9\/revisions"}],"predecessor-version":[{"id":282,"href":"https:\/\/baudekoration-hensel.de\/index.php?rest_route=\/wp\/v2\/pages\/9\/revisions\/282"}],"wp:attachment":[{"href":"https:\/\/baudekoration-hensel.de\/index.php?rest_route=%2Fwp%2Fv2%2Fmedia&parent=9"}],"curies":[{"name":"wp","href":"https:\/\/api.w.org\/{rel}","templated":true}]}}